{"id":288,"date":"2018-10-03T10:31:40","date_gmt":"2018-10-03T10:31:40","guid":{"rendered":"https:\/\/www.espar.cat\/?page_id=288"},"modified":"2018-12-14T11:55:16","modified_gmt":"2018-12-14T11:55:16","slug":"sobre-els-espar","status":"publish","type":"page","link":"https:\/\/www.espar.cat\/index.php\/sobre-els-espar\/","title":{"rendered":"Sobre els espar"},"content":{"rendered":"\t\t<div data-elementor-type=\"wp-post\" data-elementor-id=\"288\" class=\"elementor elementor-288 elementor-bc-flex-widget\">\n\t\t\t\t\t\t<section class=\"elementor-section elementor-top-section elementor-element elementor-element-cafb948 elementor-section-boxed elementor-section-height-default elementor-section-height-default\" data-id=\"cafb948\" data-element_type=\"section\">\n\t\t\t\t\t\t<div class=\"elementor-container elementor-column-gap-default\">\n\t\t\t\t\t<div class=\"elementor-column elementor-col-50 elementor-top-column elementor-element elementor-element-f3ed388\" data-id=\"f3ed388\" data-element_type=\"column\">\n\t\t\t<div class=\"elementor-widget-wrap elementor-element-populated\">\n\t\t\t\t\t\t<div class=\"elementor-element elementor-element-98bba21 elementor-widget elementor-widget-text-editor\" data-id=\"98bba21\" data-element_type=\"widget\" data-widget_type=\"text-editor.default\">\n\t\t\t\t<div class=\"elementor-widget-container\">\n\t\t\t\t\t\t\t\t\t<p>Em dic Jordi Espar. El meu cognom \u00e9s ESPAR.\u00a0<\/p><p>Us dir\u00e9 el que s\u00e9, encara que no sigui la veritat.<\/p><p>El meu avi, que era un savi sempre deia que el cognom ESPAR venia de Navarra. Buscant una mica a internet he trobat que era &#8221; Antiga i noble fam\u00edlia originaria de la Vall del Roncar (Navarra). El seu escut daurat tenia quatre franges horitzontals de color atzur&#8221;\u00a0<\/p><p><span style=\"letter-spacing: 0em;\">Fa poc temps, vaig con\u00e8ixer \u00a0un altre Jordi Espar que em va explicar una llegenda que li havia explicat la seva \u00e0via sobre l&#8217;origen dels espar.<\/span><\/p><p><span style=\"letter-spacing: 0em;\">&#8220;Diu que en un viatge del rei Carles V \u00a0venint de Fran\u00e7a va passar per Moll\u00f3, i all\u00e0, un soldat de la seva escorta personal que es deia SPAR es va enamorar d&#8217;una vilatana i s&#8217;hi va quedar. Els seus descendents van anar, uns al Maresme, i els altres a l&#8217;Alt urgell&#8221;<\/span><\/p><p>L&#8217;any 2004 vaig saludar el senyor Josep Espar Tic\u00f3. En dir-li com em deia i el meu or\u00edgen d&#8217;Organy\u00e0, em va explicar que &#8220;els portadors del cognom ESPAR a Organy\u00e0 eren els encarregats de guardar el foc&#8221;.<\/p>\t\t\t\t\t\t\t\t<\/div>\n\t\t\t\t<\/div>\n\t\t\t\t<div class=\"elementor-element elementor-element-e854c37 elementor-widget-divider--view-line elementor-widget elementor-widget-divider\" data-id=\"e854c37\" data-element_type=\"widget\" data-widget_type=\"divider.default\">\n\t\t\t\t<div class=\"elementor-widget-container\">\n\t\t\t\t\t\t\t<div class=\"elementor-divider\">\n\t\t\t<span class=\"elementor-divider-separator\">\n\t\t\t\t\t\t<\/span>\n\t\t<\/div>\n\t\t\t\t\t\t<\/div>\n\t\t\t\t<\/div>\n\t\t\t\t\t<\/div>\n\t\t<\/div>\n\t\t\t\t<div class=\"elementor-column elementor-col-50 elementor-top-column elementor-element elementor-element-fd92ba6\" data-id=\"fd92ba6\" data-element_type=\"column\">\n\t\t\t<div class=\"elementor-widget-wrap elementor-element-populated\">\n\t\t\t\t\t\t<div class=\"elementor-element elementor-element-51cd4b0 elementor-widget elementor-widget-image\" data-id=\"51cd4b0\" data-element_type=\"widget\" data-widget_type=\"image.default\">\n\t\t\t\t<div class=\"elementor-widget-container\">\n\t\t\t\t\t\t\t\t\t\t\t\t\t\t\t<img fetchpriority=\"high\" decoding=\"async\" width=\"545\" height=\"596\" src=\"https:\/\/www.espar.cat\/wp-content\/uploads\/2018\/12\/escut-espar-1.jpg\" class=\"attachment-medium_large size-medium_large wp-image-301\" alt=\"\" srcset=\"https:\/\/www.espar.cat\/wp-content\/uploads\/2018\/12\/escut-espar-1.jpg 545w, https:\/\/www.espar.cat\/wp-content\/uploads\/2018\/12\/escut-espar-1-274x300.jpg 274w, https:\/\/www.espar.cat\/wp-content\/uploads\/2018\/12\/escut-espar-1-137x150.jpg 137w\" sizes=\"(max-width: 545px) 100vw, 545px\" \/>\t\t\t\t\t\t\t\t\t\t\t\t\t\t\t<\/div>\n\t\t\t\t<\/div>\n\t\t\t\t\t<\/div>\n\t\t<\/div>\n\t\t\t\t\t<\/div>\n\t\t<\/section>\n\t\t\t\t<\/div>\n\t\t","protected":false},"excerpt":{"rendered":"<p>Em dic Jordi Espar. El meu cognom \u00e9s ESPAR.\u00a0 Us dir\u00e9 el que s\u00e9, encara que no sigui la veritat. El meu avi, que era un savi sempre deia que el cognom ESPAR venia de Navarra. Buscant una mica a internet he trobat que era &#8221; Antiga i noble fam\u00edlia originaria de la Vall del&#8230;<\/p>\n","protected":false},"author":1,"featured_media":0,"parent":0,"menu_order":0,"comment_status":"closed","ping_status":"closed","template":"","meta":{"footnotes":""},"class_list":["post-288","page","type-page","status-publish","hentry"],"_links":{"self":[{"href":"https:\/\/www.espar.cat\/index.php\/wp-json\/wp\/v2\/pages\/288","targetHints":{"allow":["GET"]}}],"collection":[{"href":"https:\/\/www.espar.cat\/index.php\/wp-json\/wp\/v2\/pages"}],"about":[{"href":"https:\/\/www.espar.cat\/index.php\/wp-json\/wp\/v2\/types\/page"}],"author":[{"embeddable":true,"href":"https:\/\/www.espar.cat\/index.php\/wp-json\/wp\/v2\/users\/1"}],"replies":[{"embeddable":true,"href":"https:\/\/www.espar.cat\/index.php\/wp-json\/wp\/v2\/comments?post=288"}],"version-history":[{"count":6,"href":"https:\/\/www.espar.cat\/index.php\/wp-json\/wp\/v2\/pages\/288\/revisions"}],"predecessor-version":[{"id":302,"href":"https:\/\/www.espar.cat\/index.php\/wp-json\/wp\/v2\/pages\/288\/revisions\/302"}],"wp:attachment":[{"href":"https:\/\/www.espar.cat\/index.php\/wp-json\/wp\/v2\/media?parent=288"}],"curies":[{"name":"wp","href":"https:\/\/api.w.org\/{rel}","templated":true}]}}